{"id":1605,"date":"2022-07-01T11:26:46","date_gmt":"2022-07-01T11:26:46","guid":{"rendered":"https:\/\/raekoda.tallinn.ee\/hoone-lugu\/europa-nostra-auhind\/hinnang\/"},"modified":"2022-07-01T11:26:46","modified_gmt":"2022-07-01T11:26:46","slug":"hinnang","status":"publish","type":"page","link":"https:\/\/raekoda.tallinn.ee\/en\/the-building\/europa-nostra-medal\/hinnang\/","title":{"rendered":"Hinnang"},"content":{"rendered":"<h2>Hinnang<\/h2>\n\n<p>Raekoda kui UNESCO Maailmap\u00e4randi Nimekirja kuuluva Tallinna vanalinna s\u00fcda valmis oma praegusel kujul 1404.a. Sajandite jooksul on raekoda l\u00e4bi teinud mitmeid muutusi nagu kodanikesaali jaotamine kantseleiruumideks, 19. sajandi fassaadi \u00fcmberehitused ning 1975. aasta sisekujundusprogramm.<\/p>\n<p>Raekoja tornikiivri h\u00e4vimine 1944.a. pommir\u00fcnnakus k\u00e4ivitas 1950. aastatel restaureerimist\u00f6\u00f6d, mis j\u00f5udsid l\u00f5ppfaasi aastatel 1999-2004. Seoses s\u00e4\u00e4stva konserveerimise p\u00f5him\u00f5tete omaksv\u00f5tmisega tuli sel etapil palju varasemaid t\u00f6id \u00fcmber teha. S\u00fcnteetilised viimistlusmaterjalid ja tsementkrohv asendati traditsiooniliste looduslike materjalidega. Raekoja paekiviseinte v\u00e4lispinnad puhastati surveveega sajandite jooksul kogunenud mustusest, parandati, plommiti ja kaeti kaitsva vedelm\u00f6rdi ning lubiv\u00e4rviga.<br \/>\nRaesaalis avati ning konserveeriti v\u00e4\u00e4rtuslikud 16. sajandi seinamaalingud.<\/p>\n<p>Erilist t\u00e4helepanu p\u00f6\u00f6rati hoone funktsioonide mitmekesistamisele ning avamisele \u00fcldsusele. Esimese keskaegse profaanhoone p\u00f6\u00f6ninguruumina puhastati, avati ning muudeti kasutamisk\u00f5lblikuks raekoja p\u00f6\u00f6ningusaal. V\u00f5lvikupleid t\u00e4itva prahi hulgast leiti hulk hinnalist arheoloogilist materjal, kokku \u00fcle 400 dokumendifragmendi ning objektidetaili, mis p\u00f5hjalikult l\u00e4bi uuriti.<\/p>\n<p>P\u00e4rast torni konserveerimist avati \u00fcldsusele raekoja torni vaateplatvorm.<\/p>\n<p>Raekoda, mis on olnud linnav\u00f5imu kasutuses \u00fcle 700 aasta, toimib n\u00fc\u00fcd nii vastuv\u00f5tuhoone, kontserdisaali kui muuseumina.<\/p>\n","protected":false},"excerpt":{"rendered":"<p>Hinnang Raekoda kui UNESCO Maailmap\u00e4randi Nimekirja kuuluva Tallinna vanalinna s\u00fcda valmis oma praegusel kujul 1404.a. Sajandite jooksul on raekoda l\u00e4bi teinud mitmeid muutusi nagu kodanikesaali jaotamine kantseleiruumideks, 19. sajandi fassaadi \u00fcmberehitused ning 1975. aasta sisekujundusprogramm. Raekoja tornikiivri h\u00e4vimine 1944.a. pommir\u00fcnnakus k\u00e4ivitas 1950. aastatel restaureerimist\u00f6\u00f6d, mis j\u00f5udsid l\u00f5ppfaasi aastatel 1999-2004. Seoses s\u00e4\u00e4stva konserveerimise p\u00f5him\u00f5tete omaksv\u00f5tmisega tuli&#8230; <a class=\"more-link\" href=\"https:\/\/raekoda.tallinn.ee\/en\/the-building\/europa-nostra-medal\/hinnang\/\">Continue reading<\/a><\/p>\n","protected":false},"author":1,"featured_media":3123,"parent":1604,"menu_order":18,"comment_status":"closed","ping_status":"closed","template":"","meta":{"_acf_changed":false,"footnotes":""},"class_list":["post-1605","page","type-page","status-publish","has-post-thumbnail","hentry","entry"],"acf":[],"yoast_head":"<!-- This site is optimized with the Yoast SEO plugin v27.3 - https:\/\/yoast.com\/product\/yoast-seo-wordpress\/ -->\n<title>Hinnang - Tallinn Town Hall<\/title>\n<meta name=\"robots\" content=\"index, follow, max-snippet:-1, max-image-preview:large, max-video-preview:-1\" \/>\n<link rel=\"canonical\" href=\"https:\/\/raekoda.tallinn.ee\/en\/the-building\/europa-nostra-medal\/hinnang\/\" \/>\n<meta property=\"og:locale\" content=\"en_US\" \/>\n<meta property=\"og:type\" content=\"article\" \/>\n<meta property=\"og:title\" content=\"Hinnang - Tallinn Town Hall\" \/>\n<meta property=\"og:description\" content=\"Hinnang Raekoda kui UNESCO Maailmap\u00e4randi Nimekirja kuuluva Tallinna vanalinna s\u00fcda valmis oma praegusel kujul 1404.a. Sajandite jooksul on raekoda l\u00e4bi teinud mitmeid muutusi nagu kodanikesaali jaotamine kantseleiruumideks, 19. sajandi fassaadi \u00fcmberehitused ning 1975. aasta sisekujundusprogramm. Raekoja tornikiivri h\u00e4vimine 1944.a. pommir\u00fcnnakus k\u00e4ivitas 1950. aastatel restaureerimist\u00f6\u00f6d, mis j\u00f5udsid l\u00f5ppfaasi aastatel 1999-2004. Seoses s\u00e4\u00e4stva konserveerimise p\u00f5him\u00f5tete omaksv\u00f5tmisega tuli... Continue reading\" \/>\n<meta property=\"og:url\" content=\"https:\/\/raekoda.tallinn.ee\/en\/the-building\/europa-nostra-medal\/hinnang\/\" \/>\n<meta property=\"og:site_name\" content=\"Tallinn Town Hall\" \/>\n<meta property=\"og:image\" content=\"https:\/\/raekoda.tallinn.ee\/wp-content\/uploads\/2023\/02\/valisvaade-maaliga-sinine-taevas-vaiksem.png\" \/>\n\t<meta property=\"og:image:width\" content=\"524\" \/>\n\t<meta property=\"og:image:height\" content=\"335\" \/>\n\t<meta property=\"og:image:type\" content=\"image\/png\" \/>\n<meta name=\"twitter:card\" content=\"summary_large_image\" \/>\n<meta name=\"twitter:label1\" content=\"Est. reading time\" \/>\n\t<meta name=\"twitter:data1\" content=\"1 minute\" \/>\n<script type=\"application\/ld+json\" class=\"yoast-schema-graph\">{\"@context\":\"https:\\\/\\\/schema.org\",\"@graph\":[{\"@type\":\"WebPage\",\"@id\":\"https:\\\/\\\/raekoda.tallinn.ee\\\/en\\\/the-building\\\/europa-nostra-medal\\\/hinnang\\\/\",\"url\":\"https:\\\/\\\/raekoda.tallinn.ee\\\/en\\\/the-building\\\/europa-nostra-medal\\\/hinnang\\\/\",\"name\":\"Hinnang - Tallinn Town Hall\",\"isPartOf\":{\"@id\":\"https:\\\/\\\/raekoda.tallinn.ee\\\/en\\\/#website\"},\"primaryImageOfPage\":{\"@id\":\"https:\\\/\\\/raekoda.tallinn.ee\\\/en\\\/the-building\\\/europa-nostra-medal\\\/hinnang\\\/#primaryimage\"},\"image\":{\"@id\":\"https:\\\/\\\/raekoda.tallinn.ee\\\/en\\\/the-building\\\/europa-nostra-medal\\\/hinnang\\\/#primaryimage\"},\"thumbnailUrl\":\"https:\\\/\\\/raekoda.tallinn.ee\\\/wp-content\\\/uploads\\\/2023\\\/02\\\/valisvaade-maaliga-sinine-taevas-vaiksem.png\",\"datePublished\":\"2022-07-01T11:26:46+00:00\",\"breadcrumb\":{\"@id\":\"https:\\\/\\\/raekoda.tallinn.ee\\\/en\\\/the-building\\\/europa-nostra-medal\\\/hinnang\\\/#breadcrumb\"},\"inLanguage\":\"en-US\",\"potentialAction\":[{\"@type\":\"ReadAction\",\"target\":[\"https:\\\/\\\/raekoda.tallinn.ee\\\/en\\\/the-building\\\/europa-nostra-medal\\\/hinnang\\\/\"]}]},{\"@type\":\"ImageObject\",\"inLanguage\":\"en-US\",\"@id\":\"https:\\\/\\\/raekoda.tallinn.ee\\\/en\\\/the-building\\\/europa-nostra-medal\\\/hinnang\\\/#primaryimage\",\"url\":\"https:\\\/\\\/raekoda.tallinn.ee\\\/wp-content\\\/uploads\\\/2023\\\/02\\\/valisvaade-maaliga-sinine-taevas-vaiksem.png\",\"contentUrl\":\"https:\\\/\\\/raekoda.tallinn.ee\\\/wp-content\\\/uploads\\\/2023\\\/02\\\/valisvaade-maaliga-sinine-taevas-vaiksem.png\",\"width\":524,\"height\":335},{\"@type\":\"BreadcrumbList\",\"@id\":\"https:\\\/\\\/raekoda.tallinn.ee\\\/en\\\/the-building\\\/europa-nostra-medal\\\/hinnang\\\/#breadcrumb\",\"itemListElement\":[{\"@type\":\"ListItem\",\"position\":1,\"name\":\"Home\",\"item\":\"https:\\\/\\\/raekoda.tallinn.ee\\\/en\\\/\"},{\"@type\":\"ListItem\",\"position\":2,\"name\":\"The building\",\"item\":\"https:\\\/\\\/raekoda.tallinn.ee\\\/en\\\/the-building\\\/\"},{\"@type\":\"ListItem\",\"position\":3,\"name\":\"Europa Nostra Medal\",\"item\":\"https:\\\/\\\/raekoda.tallinn.ee\\\/en\\\/the-building\\\/europa-nostra-medal\\\/\"},{\"@type\":\"ListItem\",\"position\":4,\"name\":\"Hinnang\"}]},{\"@type\":\"WebSite\",\"@id\":\"https:\\\/\\\/raekoda.tallinn.ee\\\/en\\\/#website\",\"url\":\"https:\\\/\\\/raekoda.tallinn.ee\\\/en\\\/\",\"name\":\"Tallinn Town Hall\",\"description\":\"\",\"publisher\":{\"@id\":\"https:\\\/\\\/raekoda.tallinn.ee\\\/en\\\/#organization\"},\"potentialAction\":[{\"@type\":\"SearchAction\",\"target\":{\"@type\":\"EntryPoint\",\"urlTemplate\":\"https:\\\/\\\/raekoda.tallinn.ee\\\/en\\\/?s={search_term_string}\"},\"query-input\":{\"@type\":\"PropertyValueSpecification\",\"valueRequired\":true,\"valueName\":\"search_term_string\"}}],\"inLanguage\":\"en-US\"},{\"@type\":\"Organization\",\"@id\":\"https:\\\/\\\/raekoda.tallinn.ee\\\/en\\\/#organization\",\"name\":\"Tallinn Town Hall\",\"url\":\"https:\\\/\\\/raekoda.tallinn.ee\\\/en\\\/\",\"logo\":{\"@type\":\"ImageObject\",\"inLanguage\":\"en-US\",\"@id\":\"https:\\\/\\\/raekoda.tallinn.ee\\\/en\\\/#\\\/schema\\\/logo\\\/image\\\/\",\"url\":\"https:\\\/\\\/raekoda.tallinn.ee\\\/wp-content\\\/uploads\\\/2022\\\/09\\\/logo.svg\",\"contentUrl\":\"https:\\\/\\\/raekoda.tallinn.ee\\\/wp-content\\\/uploads\\\/2022\\\/09\\\/logo.svg\",\"caption\":\"Tallinn Town Hall\"},\"image\":{\"@id\":\"https:\\\/\\\/raekoda.tallinn.ee\\\/en\\\/#\\\/schema\\\/logo\\\/image\\\/\"}}]}<\/script>\n<!-- \/ Yoast SEO plugin. -->","yoast_head_json":{"title":"Hinnang - Tallinn Town Hall","robots":{"index":"index","follow":"follow","max-snippet":"max-snippet:-1","max-image-preview":"max-image-preview:large","max-video-preview":"max-video-preview:-1"},"canonical":"https:\/\/raekoda.tallinn.ee\/en\/the-building\/europa-nostra-medal\/hinnang\/","og_locale":"en_US","og_type":"article","og_title":"Hinnang - Tallinn Town Hall","og_description":"Hinnang Raekoda kui UNESCO Maailmap\u00e4randi Nimekirja kuuluva Tallinna vanalinna s\u00fcda valmis oma praegusel kujul 1404.a. Sajandite jooksul on raekoda l\u00e4bi teinud mitmeid muutusi nagu kodanikesaali jaotamine kantseleiruumideks, 19. sajandi fassaadi \u00fcmberehitused ning 1975. aasta sisekujundusprogramm. Raekoja tornikiivri h\u00e4vimine 1944.a. pommir\u00fcnnakus k\u00e4ivitas 1950. aastatel restaureerimist\u00f6\u00f6d, mis j\u00f5udsid l\u00f5ppfaasi aastatel 1999-2004. Seoses s\u00e4\u00e4stva konserveerimise p\u00f5him\u00f5tete omaksv\u00f5tmisega tuli... Continue reading","og_url":"https:\/\/raekoda.tallinn.ee\/en\/the-building\/europa-nostra-medal\/hinnang\/","og_site_name":"Tallinn Town Hall","og_image":[{"width":524,"height":335,"url":"https:\/\/raekoda.tallinn.ee\/wp-content\/uploads\/2023\/02\/valisvaade-maaliga-sinine-taevas-vaiksem.png","type":"image\/png"}],"twitter_card":"summary_large_image","twitter_misc":{"Est. reading time":"1 minute"},"schema":{"@context":"https:\/\/schema.org","@graph":[{"@type":"WebPage","@id":"https:\/\/raekoda.tallinn.ee\/en\/the-building\/europa-nostra-medal\/hinnang\/","url":"https:\/\/raekoda.tallinn.ee\/en\/the-building\/europa-nostra-medal\/hinnang\/","name":"Hinnang - Tallinn Town Hall","isPartOf":{"@id":"https:\/\/raekoda.tallinn.ee\/en\/#website"},"primaryImageOfPage":{"@id":"https:\/\/raekoda.tallinn.ee\/en\/the-building\/europa-nostra-medal\/hinnang\/#primaryimage"},"image":{"@id":"https:\/\/raekoda.tallinn.ee\/en\/the-building\/europa-nostra-medal\/hinnang\/#primaryimage"},"thumbnailUrl":"https:\/\/raekoda.tallinn.ee\/wp-content\/uploads\/2023\/02\/valisvaade-maaliga-sinine-taevas-vaiksem.png","datePublished":"2022-07-01T11:26:46+00:00","breadcrumb":{"@id":"https:\/\/raekoda.tallinn.ee\/en\/the-building\/europa-nostra-medal\/hinnang\/#breadcrumb"},"inLanguage":"en-US","potentialAction":[{"@type":"ReadAction","target":["https:\/\/raekoda.tallinn.ee\/en\/the-building\/europa-nostra-medal\/hinnang\/"]}]},{"@type":"ImageObject","inLanguage":"en-US","@id":"https:\/\/raekoda.tallinn.ee\/en\/the-building\/europa-nostra-medal\/hinnang\/#primaryimage","url":"https:\/\/raekoda.tallinn.ee\/wp-content\/uploads\/2023\/02\/valisvaade-maaliga-sinine-taevas-vaiksem.png","contentUrl":"https:\/\/raekoda.tallinn.ee\/wp-content\/uploads\/2023\/02\/valisvaade-maaliga-sinine-taevas-vaiksem.png","width":524,"height":335},{"@type":"BreadcrumbList","@id":"https:\/\/raekoda.tallinn.ee\/en\/the-building\/europa-nostra-medal\/hinnang\/#breadcrumb","itemListElement":[{"@type":"ListItem","position":1,"name":"Home","item":"https:\/\/raekoda.tallinn.ee\/en\/"},{"@type":"ListItem","position":2,"name":"The building","item":"https:\/\/raekoda.tallinn.ee\/en\/the-building\/"},{"@type":"ListItem","position":3,"name":"Europa Nostra Medal","item":"https:\/\/raekoda.tallinn.ee\/en\/the-building\/europa-nostra-medal\/"},{"@type":"ListItem","position":4,"name":"Hinnang"}]},{"@type":"WebSite","@id":"https:\/\/raekoda.tallinn.ee\/en\/#website","url":"https:\/\/raekoda.tallinn.ee\/en\/","name":"Tallinn Town Hall","description":"","publisher":{"@id":"https:\/\/raekoda.tallinn.ee\/en\/#organization"},"potentialAction":[{"@type":"SearchAction","target":{"@type":"EntryPoint","urlTemplate":"https:\/\/raekoda.tallinn.ee\/en\/?s={search_term_string}"},"query-input":{"@type":"PropertyValueSpecification","valueRequired":true,"valueName":"search_term_string"}}],"inLanguage":"en-US"},{"@type":"Organization","@id":"https:\/\/raekoda.tallinn.ee\/en\/#organization","name":"Tallinn Town Hall","url":"https:\/\/raekoda.tallinn.ee\/en\/","logo":{"@type":"ImageObject","inLanguage":"en-US","@id":"https:\/\/raekoda.tallinn.ee\/en\/#\/schema\/logo\/image\/","url":"https:\/\/raekoda.tallinn.ee\/wp-content\/uploads\/2022\/09\/logo.svg","contentUrl":"https:\/\/raekoda.tallinn.ee\/wp-content\/uploads\/2022\/09\/logo.svg","caption":"Tallinn Town Hall"},"image":{"@id":"https:\/\/raekoda.tallinn.ee\/en\/#\/schema\/logo\/image\/"}}]}},"_links":{"self":[{"href":"https:\/\/raekoda.tallinn.ee\/en\/wp-json\/wp\/v2\/pages\/1605","targetHints":{"allow":["GET"]}}],"collection":[{"href":"https:\/\/raekoda.tallinn.ee\/en\/wp-json\/wp\/v2\/pages"}],"about":[{"href":"https:\/\/raekoda.tallinn.ee\/en\/wp-json\/wp\/v2\/types\/page"}],"author":[{"embeddable":true,"href":"https:\/\/raekoda.tallinn.ee\/en\/wp-json\/wp\/v2\/users\/1"}],"replies":[{"embeddable":true,"href":"https:\/\/raekoda.tallinn.ee\/en\/wp-json\/wp\/v2\/comments?post=1605"}],"version-history":[{"count":0,"href":"https:\/\/raekoda.tallinn.ee\/en\/wp-json\/wp\/v2\/pages\/1605\/revisions"}],"up":[{"embeddable":true,"href":"https:\/\/raekoda.tallinn.ee\/en\/wp-json\/wp\/v2\/pages\/1604"}],"wp:featuredmedia":[{"embeddable":true,"href":"https:\/\/raekoda.tallinn.ee\/en\/wp-json\/wp\/v2\/media\/3123"}],"wp:attachment":[{"href":"https:\/\/raekoda.tallinn.ee\/en\/wp-json\/wp\/v2\/media?parent=1605"}],"curies":[{"name":"wp","href":"https:\/\/api.w.org\/{rel}","templated":true}]}}