{"id":1603,"date":"2022-07-01T11:35:11","date_gmt":"2022-07-01T11:35:11","guid":{"rendered":"https:\/\/raekoda.tallinn.ee\/hoone-lugu\/kirjandust\/"},"modified":"2022-07-01T11:35:11","modified_gmt":"2022-07-01T11:35:11","slug":"kirjandust","status":"publish","type":"page","link":"https:\/\/raekoda.tallinn.ee\/en\/the-building\/kirjandust\/","title":{"rendered":"Kirjandust"},"content":{"rendered":"<h2>Kirjandust<\/h2>\n<p>Raekoja ajalugu ja restaureerimist ning hoones peituvaid kunstiv\u00e4\u00e4rtusi valgustavad k\u00f5ige p\u00f5hjalikumalt j\u00e4rgmised raamatud:<\/p>\n<p><strong>Tallinna Raekoda. Tallinn Town Hall<\/strong><\/p>\n<p><img decoding=\"async\" class=\"size-full wp-image-793 alignright\" src=\"https:\/\/raekoda.tallinn.ee\/wp-content\/uploads\/2022\/07\/raekoja_album.jpeg\" alt=\"\" width=\"113\" height=\"148\" \/><\/p>\n<p>Koostaja Mariann Raisma. \u00a9Tallinna Linnakantselei. Kirjastus Kunst 2004<\/p>\n<p>Eesti- ja ingliskeelne kogumik sisaldab artikleid j\u00e4rgmistelt autoritelt:<\/p>\n<p>&#8220;Raad ja tema koda&#8221;. Tallinna valitsemise ajaloost&#8221; &#8211; Tiina Kala;<br \/>\n&#8220;Tallinna vapid&#8221; &#8211; Priit Herodes;<br \/>\n&#8220;P\u00f5hjamaade palazzo. Tallinna Raekoda ja Euroopa kultuuriruum&#8221; &#8211; Juhan Maiste;<br \/>\n&#8220;Talinna Raekoda. Aeg ja lugu&#8221; &#8211; Elvira Liiver Holmstr\u00f6m;<br \/>\n&#8220;Tuulelipp Vana Toomas&#8221; &#8211; Elvira Liiver Holmstr\u00f6m;<br \/>\n&#8220;Tagasi algusesse. Raekoja restaureerimise viis aastak\u00fcmmet&#8221; &#8211; Teddy B\u00f6ckler;<br \/>\n&#8220;Moodsad ajad vanas majas. Raekoja 1975.a. sisekujundus&#8221; &#8211; Kai Lobjakas&#8221;;<br \/>\n&#8220;Puitu tahutud m\u00f5te. Keskaegsed raepingid&#8221; &#8211; Merike Koppel;<br \/>\n&#8220;Renessansiaegsed meistrit\u00f6\u00f6d &#8211; Tallinna rae piltvaibad&#8221; &#8211; Urve Mankin;<br \/>\n&#8220;Heast ja \u00f5iglasest valitsusest. Raesaali \u00f5igusem\u00f5istmise teemalised maalid&#8221; &#8211; Pia Ehasalu;<br \/>\n&#8220;Voorused ja muusad. Raesaali nikerdfriis&#8221; &#8211; Krista Kodres;<br \/>\n&#8220;Kuninganna Kristiina ning kuningas Karl XI. Rootsiaegsed portreed raekojas&#8221; &#8211; Pia Ehasalu;<br \/>\n&#8220;Luksus ja lust. Tallinna rae h\u00f5be- ja tinan\u00f5ud&#8221; &#8211; Aita Raik;<br \/>\n&#8220;Raekoja kunagised kahhelahjud&#8221; &#8211; Lea Sillart.<\/p>\n<p>Saadaval Tallinna raekojas. <strong>Hind 25 \u20ac.<\/strong><\/p>\n<p><strong>Teddy B\u00f6ckler &#8220;Tallinna raekoda. Uurimine ja restaureerimine 1952-2004&#8221;<\/strong> <img decoding=\"async\" class=\"size-full wp-image-798 alignright\" src=\"https:\/\/raekoda.tallinn.ee\/wp-content\/uploads\/2022\/07\/B_ckleri_album.jpeg\" alt=\"\" width=\"110\" height=\"150\" \/><span style=\"color: var(--global--color-primary); font-family: var(--global--font-secondary); font-size: var(--global--font-size-base); background-color: var(--global--color-background);\"><br \/>\n\u00a9Teddy B\u00f6ckler, 2004<\/span><\/p>\n<p>Teddy B\u00f6ckler (17.05.1930 &#8211; 08.12.2005) oli Tallinna raekoja restaureerimisarhitekt alates 1959.aastast kuni raekoja viimase restaureerimisetapini, mis viidi tema projekti j\u00e4rgi l\u00f5pule 2006.a. Raamat on k\u00f5ige p\u00f5hjalikum uurimus Tallinna raekoja ehitamisest ja restaureerimisest.<\/p>\n<p>Buklett<strong> &#8220;ARMASTUSE ORJAD Tallinna raekojas ja keskaegses kunstis&#8221;.<\/strong><br \/>\nTallinna Raekoda, Tallinna Linnakantselei 2014. Koostaja Ivi J\u00fcrgenson<br \/>\n<img decoding=\"async\" class=\"alignright wp-image-802\" src=\"https:\/\/raekoda.tallinn.ee\/wp-content\/uploads\/2022\/07\/bukleti-kaas-eesti-k-236x300.jpeg\" alt=\"\" width=\"158\" height=\"200\" srcset=\"https:\/\/raekoda.tallinn.ee\/wp-content\/uploads\/2022\/07\/bukleti-kaas-eesti-k-236x300.jpeg 236w, https:\/\/raekoda.tallinn.ee\/wp-content\/uploads\/2022\/07\/bukleti-kaas-eesti-k.jpeg 677w\" sizes=\"(max-width: 158px) 100vw, 158px\" \/><\/p>\n<p>Raeh\u00e4rrade ja b\u00fcrgermeistrite keskaegsed pingid on raekoja vanimad s\u00e4ilinud m\u00f6\u00f6bliesemed. Lisaks meisterlikule kunstilisele teostusele v\u00e4\u00e4rivad need t\u00e4helepanu ka nikerdiste temaatika poolest. \u00dcheskoos kujutatakse kangelasi, kes on p\u00e4rit piiblist (Simson ja Taavet), antiikajaloost (Aristoteles) ning r\u00fc\u00fctlikultuurist (Tristan). Mis neid oma aja k\u00f5ige tugevamaid, targemaid ja vapramaid mehi seob? Need v\u00e4gevad mehed kaotasid oma j\u00f5u, m\u00f5istuse ja v\u00e4\u00e4rikuse, sest nad ei suutnud vastu panna naise v\u00f5ludele. Saksakeelses kultuuriruumis, kuhu Tallinn kuulus 13.\u201319. sajandini, t\u00e4histatakse seda ilmingut kirjanduses ja kunstis terminiga Minnesklaven (armastuse orjad). Vaataja otsustada j\u00e4\u00e4b, kas n\u00e4ha selles moralistlikku hoiatust v\u00f5i keskaegset satiiri \u2013 v\u00f5i m\u00f5lemat korraga.<\/p>\n<p>Saadaval Tallinna raekojas eesti, vene, inglise ja saksa keeles. <strong>Hind 4 \u20ac<\/strong><\/p>\n<p>Buklett &#8220;<strong>Keskaegse Tallinna piirid<\/strong>&#8220;. Tallinna raekoja 2007.a.n\u00e4ituse p\u00f5hjal.<br \/>\nTallinna Raekoda, 2007. Koostajad Kristel Valk, Ivi J\u00fcrgenson, Elvira Liiver Holmstr\u00f6m<br \/>\n<img decoding=\"async\" class=\"size-medium wp-image-806 alignright\" src=\"https:\/\/raekoda.tallinn.ee\/wp-content\/uploads\/2022\/07\/Buklett-keskaegse-Tallinna-piirid-kaas-103x300.jpeg\" alt=\"\" width=\"103\" height=\"300\" srcset=\"https:\/\/raekoda.tallinn.ee\/wp-content\/uploads\/2022\/07\/Buklett-keskaegse-Tallinna-piirid-kaas-103x300.jpeg 103w, https:\/\/raekoda.tallinn.ee\/wp-content\/uploads\/2022\/07\/Buklett-keskaegse-Tallinna-piirid-kaas-351x1024.jpeg 351w, https:\/\/raekoda.tallinn.ee\/wp-content\/uploads\/2022\/07\/Buklett-keskaegse-Tallinna-piirid-kaas-526x1536.jpeg 526w, https:\/\/raekoda.tallinn.ee\/wp-content\/uploads\/2022\/07\/Buklett-keskaegse-Tallinna-piirid-kaas-701x2048.jpeg 701w, https:\/\/raekoda.tallinn.ee\/wp-content\/uploads\/2022\/07\/Buklett-keskaegse-Tallinna-piirid-kaas.jpeg 740w\" sizes=\"(max-width: 103px) 100vw, 103px\" \/><br \/>\nEesti ajaloos s\u00fcmboliseerib 16. sajand Vana-Liivimaa \u00f5itsengut ja langust. See oli aeg, mil v\u00f5imendusid mitmed \u201epiirikonfliktid\u201d: pingestusid suhted Tallinna all-linna ja Toompea, rae ja r\u00fc\u00fctelkonna, Vana-Liivimaa ja naaberriikide vahel, tekkis veelahe katoliikluse ja reformeeritud kiriku vahel. Paralleelselt arenesid linnakindlustused: linnam\u00fc\u00fcri, torne ja v\u00e4ravaid ehitati \u00fcha tugevamaks ja v\u00f5imsamaks. M\u00fc\u00fcrid ja v\u00e4ravad piiritlesid kaupmeeste ja k\u00e4sit\u00f6\u00f6liste, kirikute ja kloostrite kaitstud maailma, v\u00e4ljapoole j\u00e4i aga ulatuslik linnamaa eeslinnade, metsade, heina- ja karjamaadega, samuti meri ja Toompea.<br \/>\nKeskaegset linna kaitsesid lisaks m\u00fc\u00fcrile tavad ja seadused. Linnav\u00e4ravatelgi oli mitte ainult funktsionaalne, vaid ka s\u00fcmboolne t\u00e4hendus. Mitmet\u00e4henduslik on m\u00fc\u00fcr all-linna ja Toompea vahel. Linna suhteid Saksa Ordu ja r\u00fc\u00fctelkonnaga v\u00fcrtsitas massiline talupoegade linna pagemine. Eriti \u00e4revaks muutus olukord Riisipere m\u00f5isah\u00e4rra Johann von Uexk\u00fclli hukkamisega Harju v\u00e4ravas 1535. aasta mais \u2013 s\u00fcndmus, milles ristusid \u00f5iguslikud, seisuslikud ja f\u00fc\u00fcsilised piirid.<br \/>\nR\u00e4nnakul m\u00f6\u00f6da Tallinna iidset linnam\u00fc\u00fcri Liivi s\u00f5ja eel\u00f5htul olgu see vihk sulle teejuhiks ja seltsiliseks.<\/p>\n<p>Saadaval Tallinna raekojas eesti ja inglise keeles. <strong>Hind 2 \u20ac.<\/strong><\/p>\n","protected":false},"excerpt":{"rendered":"<p>Kirjandust Raekoja ajalugu ja restaureerimist ning hoones peituvaid kunstiv\u00e4\u00e4rtusi valgustavad k\u00f5ige p\u00f5hjalikumalt j\u00e4rgmised raamatud: Tallinna Raekoda. Tallinn Town Hall Koostaja Mariann Raisma. \u00a9Tallinna Linnakantselei. Kirjastus Kunst 2004 Eesti- ja ingliskeelne kogumik sisaldab artikleid j\u00e4rgmistelt autoritelt: &#8220;Raad ja tema koda&#8221;. Tallinna valitsemise ajaloost&#8221; &#8211; Tiina Kala; &#8220;Tallinna vapid&#8221; &#8211; Priit Herodes; &#8220;P\u00f5hjamaade palazzo. Tallinna Raekoda ja&#8230; <a class=\"more-link\" href=\"https:\/\/raekoda.tallinn.ee\/en\/the-building\/kirjandust\/\">Continue reading<\/a><\/p>\n","protected":false},"author":1,"featured_media":483,"parent":1601,"menu_order":15,"comment_status":"closed","ping_status":"closed","template":"","meta":{"_acf_changed":false,"footnotes":""},"class_list":["post-1603","page","type-page","status-publish","has-post-thumbnail","hentry","entry"],"acf":[],"yoast_head":"<!-- This site is optimized with the Yoast SEO plugin v27.3 - https:\/\/yoast.com\/product\/yoast-seo-wordpress\/ -->\n<title>Kirjandust - Tallinn Town Hall<\/title>\n<meta name=\"robots\" content=\"index, follow, max-snippet:-1, max-image-preview:large, max-video-preview:-1\" \/>\n<link rel=\"canonical\" href=\"https:\/\/raekoda.tallinn.ee\/en\/the-building\/kirjandust\/\" \/>\n<meta property=\"og:locale\" content=\"en_US\" \/>\n<meta property=\"og:type\" content=\"article\" \/>\n<meta property=\"og:title\" content=\"Kirjandust - Tallinn Town Hall\" \/>\n<meta property=\"og:description\" content=\"Kirjandust Raekoja ajalugu ja restaureerimist ning hoones peituvaid kunstiv\u00e4\u00e4rtusi valgustavad k\u00f5ige p\u00f5hjalikumalt j\u00e4rgmised raamatud: Tallinna Raekoda. Tallinn Town Hall Koostaja Mariann Raisma. \u00a9Tallinna Linnakantselei. Kirjastus Kunst 2004 Eesti- ja ingliskeelne kogumik sisaldab artikleid j\u00e4rgmistelt autoritelt: &#8220;Raad ja tema koda&#8221;. Tallinna valitsemise ajaloost&#8221; &#8211; Tiina Kala; &#8220;Tallinna vapid&#8221; &#8211; Priit Herodes; &#8220;P\u00f5hjamaade palazzo. Tallinna Raekoda ja... Continue reading\" \/>\n<meta property=\"og:url\" content=\"https:\/\/raekoda.tallinn.ee\/en\/the-building\/kirjandust\/\" \/>\n<meta property=\"og:site_name\" content=\"Tallinn Town Hall\" \/>\n<meta property=\"og:image\" content=\"https:\/\/raekoda.tallinn.ee\/wp-content\/uploads\/2022\/06\/33EB38F7-3DDB-47DF-857E-E49406EFAC59-1.png\" \/>\n\t<meta property=\"og:image:width\" content=\"1900\" \/>\n\t<meta property=\"og:image:height\" content=\"1266\" \/>\n\t<meta property=\"og:image:type\" content=\"image\/png\" \/>\n<meta name=\"twitter:card\" content=\"summary_large_image\" \/>\n<meta name=\"twitter:label1\" content=\"Est. reading time\" \/>\n\t<meta name=\"twitter:data1\" content=\"3 minutes\" \/>\n<script type=\"application\/ld+json\" class=\"yoast-schema-graph\">{\"@context\":\"https:\\\/\\\/schema.org\",\"@graph\":[{\"@type\":\"WebPage\",\"@id\":\"https:\\\/\\\/raekoda.tallinn.ee\\\/en\\\/the-building\\\/kirjandust\\\/\",\"url\":\"https:\\\/\\\/raekoda.tallinn.ee\\\/en\\\/the-building\\\/kirjandust\\\/\",\"name\":\"Kirjandust - Tallinn Town Hall\",\"isPartOf\":{\"@id\":\"https:\\\/\\\/raekoda.tallinn.ee\\\/en\\\/#website\"},\"primaryImageOfPage\":{\"@id\":\"https:\\\/\\\/raekoda.tallinn.ee\\\/en\\\/the-building\\\/kirjandust\\\/#primaryimage\"},\"image\":{\"@id\":\"https:\\\/\\\/raekoda.tallinn.ee\\\/en\\\/the-building\\\/kirjandust\\\/#primaryimage\"},\"thumbnailUrl\":\"https:\\\/\\\/raekoda.tallinn.ee\\\/wp-content\\\/uploads\\\/2022\\\/06\\\/33EB38F7-3DDB-47DF-857E-E49406EFAC59-1.png\",\"datePublished\":\"2022-07-01T11:35:11+00:00\",\"breadcrumb\":{\"@id\":\"https:\\\/\\\/raekoda.tallinn.ee\\\/en\\\/the-building\\\/kirjandust\\\/#breadcrumb\"},\"inLanguage\":\"en-US\",\"potentialAction\":[{\"@type\":\"ReadAction\",\"target\":[\"https:\\\/\\\/raekoda.tallinn.ee\\\/en\\\/the-building\\\/kirjandust\\\/\"]}]},{\"@type\":\"ImageObject\",\"inLanguage\":\"en-US\",\"@id\":\"https:\\\/\\\/raekoda.tallinn.ee\\\/en\\\/the-building\\\/kirjandust\\\/#primaryimage\",\"url\":\"https:\\\/\\\/raekoda.tallinn.ee\\\/wp-content\\\/uploads\\\/2022\\\/06\\\/33EB38F7-3DDB-47DF-857E-E49406EFAC59-1.png\",\"contentUrl\":\"https:\\\/\\\/raekoda.tallinn.ee\\\/wp-content\\\/uploads\\\/2022\\\/06\\\/33EB38F7-3DDB-47DF-857E-E49406EFAC59-1.png\",\"width\":1900,\"height\":1266},{\"@type\":\"BreadcrumbList\",\"@id\":\"https:\\\/\\\/raekoda.tallinn.ee\\\/en\\\/the-building\\\/kirjandust\\\/#breadcrumb\",\"itemListElement\":[{\"@type\":\"ListItem\",\"position\":1,\"name\":\"Home\",\"item\":\"https:\\\/\\\/raekoda.tallinn.ee\\\/en\\\/\"},{\"@type\":\"ListItem\",\"position\":2,\"name\":\"The building\",\"item\":\"https:\\\/\\\/raekoda.tallinn.ee\\\/en\\\/the-building\\\/\"},{\"@type\":\"ListItem\",\"position\":3,\"name\":\"Kirjandust\"}]},{\"@type\":\"WebSite\",\"@id\":\"https:\\\/\\\/raekoda.tallinn.ee\\\/en\\\/#website\",\"url\":\"https:\\\/\\\/raekoda.tallinn.ee\\\/en\\\/\",\"name\":\"Tallinn Town Hall\",\"description\":\"\",\"publisher\":{\"@id\":\"https:\\\/\\\/raekoda.tallinn.ee\\\/en\\\/#organization\"},\"potentialAction\":[{\"@type\":\"SearchAction\",\"target\":{\"@type\":\"EntryPoint\",\"urlTemplate\":\"https:\\\/\\\/raekoda.tallinn.ee\\\/en\\\/?s={search_term_string}\"},\"query-input\":{\"@type\":\"PropertyValueSpecification\",\"valueRequired\":true,\"valueName\":\"search_term_string\"}}],\"inLanguage\":\"en-US\"},{\"@type\":\"Organization\",\"@id\":\"https:\\\/\\\/raekoda.tallinn.ee\\\/en\\\/#organization\",\"name\":\"Tallinn Town Hall\",\"url\":\"https:\\\/\\\/raekoda.tallinn.ee\\\/en\\\/\",\"logo\":{\"@type\":\"ImageObject\",\"inLanguage\":\"en-US\",\"@id\":\"https:\\\/\\\/raekoda.tallinn.ee\\\/en\\\/#\\\/schema\\\/logo\\\/image\\\/\",\"url\":\"https:\\\/\\\/raekoda.tallinn.ee\\\/wp-content\\\/uploads\\\/2022\\\/09\\\/logo.svg\",\"contentUrl\":\"https:\\\/\\\/raekoda.tallinn.ee\\\/wp-content\\\/uploads\\\/2022\\\/09\\\/logo.svg\",\"caption\":\"Tallinn Town Hall\"},\"image\":{\"@id\":\"https:\\\/\\\/raekoda.tallinn.ee\\\/en\\\/#\\\/schema\\\/logo\\\/image\\\/\"}}]}<\/script>\n<!-- \/ Yoast SEO plugin. -->","yoast_head_json":{"title":"Kirjandust - Tallinn Town Hall","robots":{"index":"index","follow":"follow","max-snippet":"max-snippet:-1","max-image-preview":"max-image-preview:large","max-video-preview":"max-video-preview:-1"},"canonical":"https:\/\/raekoda.tallinn.ee\/en\/the-building\/kirjandust\/","og_locale":"en_US","og_type":"article","og_title":"Kirjandust - Tallinn Town Hall","og_description":"Kirjandust Raekoja ajalugu ja restaureerimist ning hoones peituvaid kunstiv\u00e4\u00e4rtusi valgustavad k\u00f5ige p\u00f5hjalikumalt j\u00e4rgmised raamatud: Tallinna Raekoda. Tallinn Town Hall Koostaja Mariann Raisma. \u00a9Tallinna Linnakantselei. Kirjastus Kunst 2004 Eesti- ja ingliskeelne kogumik sisaldab artikleid j\u00e4rgmistelt autoritelt: &#8220;Raad ja tema koda&#8221;. Tallinna valitsemise ajaloost&#8221; &#8211; Tiina Kala; &#8220;Tallinna vapid&#8221; &#8211; Priit Herodes; &#8220;P\u00f5hjamaade palazzo. Tallinna Raekoda ja... Continue reading","og_url":"https:\/\/raekoda.tallinn.ee\/en\/the-building\/kirjandust\/","og_site_name":"Tallinn Town Hall","og_image":[{"width":1900,"height":1266,"url":"https:\/\/raekoda.tallinn.ee\/wp-content\/uploads\/2022\/06\/33EB38F7-3DDB-47DF-857E-E49406EFAC59-1.png","type":"image\/png"}],"twitter_card":"summary_large_image","twitter_misc":{"Est. reading time":"3 minutes"},"schema":{"@context":"https:\/\/schema.org","@graph":[{"@type":"WebPage","@id":"https:\/\/raekoda.tallinn.ee\/en\/the-building\/kirjandust\/","url":"https:\/\/raekoda.tallinn.ee\/en\/the-building\/kirjandust\/","name":"Kirjandust - Tallinn Town Hall","isPartOf":{"@id":"https:\/\/raekoda.tallinn.ee\/en\/#website"},"primaryImageOfPage":{"@id":"https:\/\/raekoda.tallinn.ee\/en\/the-building\/kirjandust\/#primaryimage"},"image":{"@id":"https:\/\/raekoda.tallinn.ee\/en\/the-building\/kirjandust\/#primaryimage"},"thumbnailUrl":"https:\/\/raekoda.tallinn.ee\/wp-content\/uploads\/2022\/06\/33EB38F7-3DDB-47DF-857E-E49406EFAC59-1.png","datePublished":"2022-07-01T11:35:11+00:00","breadcrumb":{"@id":"https:\/\/raekoda.tallinn.ee\/en\/the-building\/kirjandust\/#breadcrumb"},"inLanguage":"en-US","potentialAction":[{"@type":"ReadAction","target":["https:\/\/raekoda.tallinn.ee\/en\/the-building\/kirjandust\/"]}]},{"@type":"ImageObject","inLanguage":"en-US","@id":"https:\/\/raekoda.tallinn.ee\/en\/the-building\/kirjandust\/#primaryimage","url":"https:\/\/raekoda.tallinn.ee\/wp-content\/uploads\/2022\/06\/33EB38F7-3DDB-47DF-857E-E49406EFAC59-1.png","contentUrl":"https:\/\/raekoda.tallinn.ee\/wp-content\/uploads\/2022\/06\/33EB38F7-3DDB-47DF-857E-E49406EFAC59-1.png","width":1900,"height":1266},{"@type":"BreadcrumbList","@id":"https:\/\/raekoda.tallinn.ee\/en\/the-building\/kirjandust\/#breadcrumb","itemListElement":[{"@type":"ListItem","position":1,"name":"Home","item":"https:\/\/raekoda.tallinn.ee\/en\/"},{"@type":"ListItem","position":2,"name":"The building","item":"https:\/\/raekoda.tallinn.ee\/en\/the-building\/"},{"@type":"ListItem","position":3,"name":"Kirjandust"}]},{"@type":"WebSite","@id":"https:\/\/raekoda.tallinn.ee\/en\/#website","url":"https:\/\/raekoda.tallinn.ee\/en\/","name":"Tallinn Town Hall","description":"","publisher":{"@id":"https:\/\/raekoda.tallinn.ee\/en\/#organization"},"potentialAction":[{"@type":"SearchAction","target":{"@type":"EntryPoint","urlTemplate":"https:\/\/raekoda.tallinn.ee\/en\/?s={search_term_string}"},"query-input":{"@type":"PropertyValueSpecification","valueRequired":true,"valueName":"search_term_string"}}],"inLanguage":"en-US"},{"@type":"Organization","@id":"https:\/\/raekoda.tallinn.ee\/en\/#organization","name":"Tallinn Town Hall","url":"https:\/\/raekoda.tallinn.ee\/en\/","logo":{"@type":"ImageObject","inLanguage":"en-US","@id":"https:\/\/raekoda.tallinn.ee\/en\/#\/schema\/logo\/image\/","url":"https:\/\/raekoda.tallinn.ee\/wp-content\/uploads\/2022\/09\/logo.svg","contentUrl":"https:\/\/raekoda.tallinn.ee\/wp-content\/uploads\/2022\/09\/logo.svg","caption":"Tallinn Town Hall"},"image":{"@id":"https:\/\/raekoda.tallinn.ee\/en\/#\/schema\/logo\/image\/"}}]}},"_links":{"self":[{"href":"https:\/\/raekoda.tallinn.ee\/en\/wp-json\/wp\/v2\/pages\/1603","targetHints":{"allow":["GET"]}}],"collection":[{"href":"https:\/\/raekoda.tallinn.ee\/en\/wp-json\/wp\/v2\/pages"}],"about":[{"href":"https:\/\/raekoda.tallinn.ee\/en\/wp-json\/wp\/v2\/types\/page"}],"author":[{"embeddable":true,"href":"https:\/\/raekoda.tallinn.ee\/en\/wp-json\/wp\/v2\/users\/1"}],"replies":[{"embeddable":true,"href":"https:\/\/raekoda.tallinn.ee\/en\/wp-json\/wp\/v2\/comments?post=1603"}],"version-history":[{"count":0,"href":"https:\/\/raekoda.tallinn.ee\/en\/wp-json\/wp\/v2\/pages\/1603\/revisions"}],"up":[{"embeddable":true,"href":"https:\/\/raekoda.tallinn.ee\/en\/wp-json\/wp\/v2\/pages\/1601"}],"wp:featuredmedia":[{"embeddable":true,"href":"https:\/\/raekoda.tallinn.ee\/en\/wp-json\/wp\/v2\/media\/483"}],"wp:attachment":[{"href":"https:\/\/raekoda.tallinn.ee\/en\/wp-json\/wp\/v2\/media?parent=1603"}],"curies":[{"name":"wp","href":"https:\/\/api.w.org\/{rel}","templated":true}]}}