{"id":1591,"date":"2022-07-01T11:28:18","date_gmt":"2022-07-01T11:28:18","guid":{"rendered":"https:\/\/raekoda.tallinn.ee\/raekoja-esmamainimine\/"},"modified":"2022-07-01T11:28:18","modified_gmt":"2022-07-01T11:28:18","slug":"raekoja-esmamainimine","status":"publish","type":"page","link":"https:\/\/raekoda.tallinn.ee\/en\/the-building\/raekoja-esmamainimine\/","title":{"rendered":"Raekoja esmamainimine 1322"},"content":{"rendered":"<p>Rae p\u00e4randiraamatus m\u00e4rgitakse raekoda <strong>1322.<\/strong> aastal kui <strong><em>consistorium<\/em><\/strong>, lad \u02ben\u00f5upidamise koht\u02be, t\u00e4histades sellega \u201eallpool raekoda\u201c (lad <em>sub consistorio<\/em>) asunud kivist aida asukoha. \u2013 Kui t\u00e4navanimesid ja aadresse veel polnud, m\u00e4\u00e4ratleti hoonete asukohta tuntud objektide abil.<\/p>\n<p>Kinnisvaraga toimunud tehingud kanti k\u00f5ik rae p\u00e4randiraamatusse, sest L\u00fcbecki \u00f5iguse kohaselt omandas kinnisvaratehing seadusliku j\u00f5u alles siis, kui see oli rae poolt fikseeritud. Vanim s\u00e4ilinud p\u00e4randiraamat sisaldab tehinguid aastatest 1312-1360 ning see sisaldab ka varasemaid m\u00e4rkmeid raekoja kohta.<\/p>\n<p>Raekoja varasemad mainimised:<\/p>\n<p><strong>1322<\/strong> <em>in domo lapidea <strong>sub consistorio<\/strong><\/em>\u00a0&#8211;\u00a0 eraisiku kiviaida asukoht allpool raekoda<br \/>\n<strong><span style=\"color: var(--global--color-primary); font-family: var(--global--font-secondary); font-size: var(--global--font-size-base); background-color: var(--global--color-background);\">1333 <\/span><\/strong><em style=\"color: var(--global--color-primary); font-family: var(--global--font-secondary); font-size: var(--global--font-size-base);\">retro consistorium\u00a0<\/em><span style=\"color: var(--global--color-primary); font-family: var(--global--font-secondary); font-size: var(--global--font-size-base); background-color: var(--global--color-background);\">\u2013 keegi sai raekoja taga haavata<br \/>\n<\/span><strong><span style=\"color: var(--global--color-primary); font-family: var(--global--font-secondary); font-size: var(--global--font-size-base); background-color: var(--global--color-background);\">1337 <\/span><\/strong><em style=\"color: var(--global--color-primary); font-family: var(--global--font-secondary); font-size: var(--global--font-size-base);\">domus tortoris retro consistorium<\/em><span style=\"color: var(--global--color-primary); font-family: var(--global--font-secondary); font-size: var(--global--font-size-base); background-color: var(--global--color-background);\">\u00a0\u2013 raevangla raekoja taga<br \/>\n<\/span><strong style=\"color: var(--global--color-primary); font-family: var(--global--font-secondary); font-size: var(--global--font-size-base);\">1341<\/strong> <em style=\"color: var(--global--color-primary); font-family: var(--global--font-secondary); font-size: var(--global--font-size-base);\">in consistorio\u00a0<\/em><span style=\"color: var(--global--color-primary); font-family: var(--global--font-secondary); font-size: var(--global--font-size-base); background-color: var(--global--color-background);\">raad kogunes raekotta otsust tegema<br \/>\n<\/span><span style=\"color: var(--global--color-primary); font-family: var(--global--font-secondary); font-size: var(--global--font-size-base); background-color: var(--global--color-background);\"><strong>1341<\/strong> ja <strong>1345 <\/strong><\/span><em style=\"color: var(--global--color-primary); font-family: var(--global--font-secondary); font-size: var(--global--font-size-base);\">areas duarum institoriarum bodarum iuxta consistorium &#8211; <\/em><span style=\"color: var(--global--color-primary); font-family: var(--global--font-secondary); font-size: var(--global--font-size-base); background-color: var(--global--color-background);\">kaks kraamipoodi\u00a0millest \u00fcks asus \u201ek\u00f5ige l\u00e4hemal raekojale\u201c ja teine \u201eraekoja k\u00f5rval\u201c (sama ilmselt 1383, 1386 jt) \u2013 Kremerstrate e. Kraamipoodnike (t\u00e4nase Kullassepa) t\u00e4naval<br \/>\n<\/span><strong><span style=\"color: var(--global--color-primary); font-family: var(--global--font-secondary); font-size: var(--global--font-size-base); background-color: var(--global--color-background);\">1343 <\/span><\/strong><em style=\"color: var(--global--color-primary); font-family: var(--global--font-secondary); font-size: var(--global--font-size-base);\">retro consistorium<\/em><span style=\"color: var(--global--color-primary); font-family: var(--global--font-secondary); font-size: var(--global--font-size-base); background-color: var(--global--color-background);\">\u00a0&#8211; Hinricus Longusele kuulunud kinnisvara raekoja taga.<br \/>\n<\/span><strong><span style=\"color: var(--global--color-primary); font-family: var(--global--font-secondary); font-size: var(--global--font-size-base); background-color: var(--global--color-background);\">1364 <\/span><\/strong><em style=\"color: var(--global--color-primary); font-family: var(--global--font-secondary); font-size: var(--global--font-size-base);\">supra teatrum<\/em><em style=\"color: var(--global--color-primary); font-family: var(--global--font-secondary); font-size: var(--global--font-size-base);\"> camera consiliaria<\/em><span style=\"color: var(--global--color-primary); font-family: var(--global--font-secondary); font-size: var(--global--font-size-base); background-color: var(--global--color-background);\">\u00a0&#8211; raekamber \u00fclalpool teatrit<br \/>\n<\/span><strong><span style=\"color: var(--global--color-primary); font-family: var(--global--font-secondary); font-size: var(--global--font-size-base); background-color: var(--global--color-background);\">1370 <\/span><\/strong><em style=\"color: var(--global--color-primary); font-family: var(--global--font-secondary); font-size: var(--global--font-size-base);\">retro teatrum iuxta domum preconis situatum &#8211; <\/em><span style=\"color: var(--global--color-primary); font-family: var(--global--font-secondary); font-size: var(--global--font-size-base); background-color: var(--global--color-background);\">raekoja taga vangla k\u00f5rval asunud kinnisvara omanikevahetus<\/span><\/p>\n<p>Ladinakeelne\u00a0<em>consistorium<\/em> on raekoja nimetusena viimast korda\u00a0 kasutusel 1388. aastal.<\/p>\n<p>Alates <strong>1372<\/strong>. aastast mainitakse raekoda alamsaksakeelse nimetuse all <strong><em>rathus<\/em><\/strong>\u00a0(ka <em>raedthus<\/em> ja sarnased kirjapildid).<\/p>\n<figure id=\"attachment_778\" aria-describedby=\"caption-attachment-778\" style=\"width: 740px\" class=\"wp-caption aligncenter\"><img decoding=\"async\" class=\"wp-image-779 size-full\" src=\"https:\/\/raekoda.tallinn.ee\/wp-content\/uploads\/2022\/07\/Raekoja-esmamainimine-1322-consistorium.jpg\" alt=\"\" width=\"740\" height=\"1043\" srcset=\"https:\/\/raekoda.tallinn.ee\/wp-content\/uploads\/2022\/07\/Raekoja-esmamainimine-1322-consistorium.jpg 740w, https:\/\/raekoda.tallinn.ee\/wp-content\/uploads\/2022\/07\/Raekoja-esmamainimine-1322-consistorium-213x300.jpg 213w, https:\/\/raekoda.tallinn.ee\/wp-content\/uploads\/2022\/07\/Raekoja-esmamainimine-1322-consistorium-727x1024.jpg 727w\" sizes=\"(max-width: 740px) 100vw, 740px\" \/><figcaption id=\"caption-attachment-778\" class=\"wp-caption-text\">Tallinna raekoja esmamainimine, fragment rae p\u00e4randiraamatust 1312-1360. Tallinna Linnaarhiiv.<\/figcaption><\/figure>\n<div class=\"d-flex flex-wrap\"><\/div>\n","protected":false},"excerpt":{"rendered":"<p>Rae p\u00e4randiraamatus m\u00e4rgitakse raekoda 1322. aastal kui consistorium, lad \u02ben\u00f5upidamise koht\u02be, t\u00e4histades sellega \u201eallpool raekoda\u201c (lad sub consistorio) asunud kivist aida asukoha. \u2013 Kui t\u00e4navanimesid ja aadresse veel polnud, m\u00e4\u00e4ratleti hoonete asukohta tuntud objektide abil. Kinnisvaraga toimunud tehingud kanti k\u00f5ik rae p\u00e4randiraamatusse, sest L\u00fcbecki \u00f5iguse kohaselt omandas kinnisvaratehing seadusliku j\u00f5u alles siis, kui see oli&#8230; <a class=\"more-link\" href=\"https:\/\/raekoda.tallinn.ee\/en\/the-building\/raekoja-esmamainimine\/\">Continue reading<\/a><\/p>\n","protected":false},"author":2,"featured_media":2403,"parent":1601,"menu_order":4,"comment_status":"closed","ping_status":"closed","template":"","meta":{"_acf_changed":false,"footnotes":""},"class_list":["post-1591","page","type-page","status-publish","has-post-thumbnail","hentry","entry"],"acf":[],"yoast_head":"<!-- This site is optimized with the Yoast SEO plugin v27.3 - https:\/\/yoast.com\/product\/yoast-seo-wordpress\/ -->\n<title>Raekoja esmamainimine 1322 - Tallinn Town Hall<\/title>\n<meta name=\"robots\" content=\"index, follow, max-snippet:-1, max-image-preview:large, max-video-preview:-1\" \/>\n<link rel=\"canonical\" href=\"https:\/\/raekoda.tallinn.ee\/en\/raekoja-esmamainimine\/\" \/>\n<meta property=\"og:locale\" content=\"en_US\" \/>\n<meta property=\"og:type\" content=\"article\" \/>\n<meta property=\"og:title\" content=\"Raekoja esmamainimine 1322 - Tallinn Town Hall\" \/>\n<meta property=\"og:description\" content=\"Rae p\u00e4randiraamatus m\u00e4rgitakse raekoda 1322. aastal kui consistorium, lad \u02ben\u00f5upidamise koht\u02be, t\u00e4histades sellega \u201eallpool raekoda\u201c (lad sub consistorio) asunud kivist aida asukoha. \u2013 Kui t\u00e4navanimesid ja aadresse veel polnud, m\u00e4\u00e4ratleti hoonete asukohta tuntud objektide abil. Kinnisvaraga toimunud tehingud kanti k\u00f5ik rae p\u00e4randiraamatusse, sest L\u00fcbecki \u00f5iguse kohaselt omandas kinnisvaratehing seadusliku j\u00f5u alles siis, kui see oli... Continue reading\" \/>\n<meta property=\"og:url\" content=\"https:\/\/raekoda.tallinn.ee\/en\/raekoja-esmamainimine\/\" \/>\n<meta property=\"og:site_name\" content=\"Tallinn Town Hall\" \/>\n<meta property=\"og:image\" content=\"https:\/\/raekoda.tallinn.ee\/wp-content\/uploads\/2023\/02\/Lubecki-oigus-png-1024x768.png\" \/>\n\t<meta property=\"og:image:width\" content=\"1024\" \/>\n\t<meta property=\"og:image:height\" content=\"768\" \/>\n\t<meta property=\"og:image:type\" content=\"image\/png\" \/>\n<meta name=\"twitter:card\" content=\"summary_large_image\" \/>\n<meta name=\"twitter:label1\" content=\"Est. reading time\" \/>\n\t<meta name=\"twitter:data1\" content=\"1 minute\" \/>\n<script type=\"application\/ld+json\" class=\"yoast-schema-graph\">{\"@context\":\"https:\\\/\\\/schema.org\",\"@graph\":[{\"@type\":\"WebPage\",\"@id\":\"https:\\\/\\\/raekoda.tallinn.ee\\\/en\\\/raekoja-esmamainimine\\\/\",\"url\":\"https:\\\/\\\/raekoda.tallinn.ee\\\/en\\\/raekoja-esmamainimine\\\/\",\"name\":\"Raekoja esmamainimine 1322 - Tallinn Town Hall\",\"isPartOf\":{\"@id\":\"https:\\\/\\\/raekoda.tallinn.ee\\\/en\\\/#website\"},\"primaryImageOfPage\":{\"@id\":\"https:\\\/\\\/raekoda.tallinn.ee\\\/en\\\/raekoja-esmamainimine\\\/#primaryimage\"},\"image\":{\"@id\":\"https:\\\/\\\/raekoda.tallinn.ee\\\/en\\\/raekoja-esmamainimine\\\/#primaryimage\"},\"thumbnailUrl\":\"https:\\\/\\\/raekoda.tallinn.ee\\\/wp-content\\\/uploads\\\/2023\\\/02\\\/Lubecki-oigus-png.png\",\"datePublished\":\"2022-07-01T11:28:18+00:00\",\"breadcrumb\":{\"@id\":\"https:\\\/\\\/raekoda.tallinn.ee\\\/en\\\/raekoja-esmamainimine\\\/#breadcrumb\"},\"inLanguage\":\"en-US\",\"potentialAction\":[{\"@type\":\"ReadAction\",\"target\":[\"https:\\\/\\\/raekoda.tallinn.ee\\\/en\\\/raekoja-esmamainimine\\\/\"]}]},{\"@type\":\"ImageObject\",\"inLanguage\":\"en-US\",\"@id\":\"https:\\\/\\\/raekoda.tallinn.ee\\\/en\\\/raekoja-esmamainimine\\\/#primaryimage\",\"url\":\"https:\\\/\\\/raekoda.tallinn.ee\\\/wp-content\\\/uploads\\\/2023\\\/02\\\/Lubecki-oigus-png.png\",\"contentUrl\":\"https:\\\/\\\/raekoda.tallinn.ee\\\/wp-content\\\/uploads\\\/2023\\\/02\\\/Lubecki-oigus-png.png\",\"width\":2048,\"height\":1536,\"caption\":\"Tallinna raekoda, L\u00fcbecki \u00f5iguse koodeks 1282\"},{\"@type\":\"BreadcrumbList\",\"@id\":\"https:\\\/\\\/raekoda.tallinn.ee\\\/en\\\/raekoja-esmamainimine\\\/#breadcrumb\",\"itemListElement\":[{\"@type\":\"ListItem\",\"position\":1,\"name\":\"Home\",\"item\":\"https:\\\/\\\/raekoda.tallinn.ee\\\/en\\\/\"},{\"@type\":\"ListItem\",\"position\":2,\"name\":\"Raekoja esmamainimine 1322\"}]},{\"@type\":\"WebSite\",\"@id\":\"https:\\\/\\\/raekoda.tallinn.ee\\\/en\\\/#website\",\"url\":\"https:\\\/\\\/raekoda.tallinn.ee\\\/en\\\/\",\"name\":\"Tallinn Town Hall\",\"description\":\"\",\"publisher\":{\"@id\":\"https:\\\/\\\/raekoda.tallinn.ee\\\/en\\\/#organization\"},\"potentialAction\":[{\"@type\":\"SearchAction\",\"target\":{\"@type\":\"EntryPoint\",\"urlTemplate\":\"https:\\\/\\\/raekoda.tallinn.ee\\\/en\\\/?s={search_term_string}\"},\"query-input\":{\"@type\":\"PropertyValueSpecification\",\"valueRequired\":true,\"valueName\":\"search_term_string\"}}],\"inLanguage\":\"en-US\"},{\"@type\":\"Organization\",\"@id\":\"https:\\\/\\\/raekoda.tallinn.ee\\\/en\\\/#organization\",\"name\":\"Tallinn Town Hall\",\"url\":\"https:\\\/\\\/raekoda.tallinn.ee\\\/en\\\/\",\"logo\":{\"@type\":\"ImageObject\",\"inLanguage\":\"en-US\",\"@id\":\"https:\\\/\\\/raekoda.tallinn.ee\\\/en\\\/#\\\/schema\\\/logo\\\/image\\\/\",\"url\":\"https:\\\/\\\/raekoda.tallinn.ee\\\/wp-content\\\/uploads\\\/2022\\\/09\\\/logo.svg\",\"contentUrl\":\"https:\\\/\\\/raekoda.tallinn.ee\\\/wp-content\\\/uploads\\\/2022\\\/09\\\/logo.svg\",\"caption\":\"Tallinn Town Hall\"},\"image\":{\"@id\":\"https:\\\/\\\/raekoda.tallinn.ee\\\/en\\\/#\\\/schema\\\/logo\\\/image\\\/\"}}]}<\/script>\n<!-- \/ Yoast SEO plugin. -->","yoast_head_json":{"title":"Raekoja esmamainimine 1322 - Tallinn Town Hall","robots":{"index":"index","follow":"follow","max-snippet":"max-snippet:-1","max-image-preview":"max-image-preview:large","max-video-preview":"max-video-preview:-1"},"canonical":"https:\/\/raekoda.tallinn.ee\/en\/raekoja-esmamainimine\/","og_locale":"en_US","og_type":"article","og_title":"Raekoja esmamainimine 1322 - Tallinn Town Hall","og_description":"Rae p\u00e4randiraamatus m\u00e4rgitakse raekoda 1322. aastal kui consistorium, lad \u02ben\u00f5upidamise koht\u02be, t\u00e4histades sellega \u201eallpool raekoda\u201c (lad sub consistorio) asunud kivist aida asukoha. \u2013 Kui t\u00e4navanimesid ja aadresse veel polnud, m\u00e4\u00e4ratleti hoonete asukohta tuntud objektide abil. Kinnisvaraga toimunud tehingud kanti k\u00f5ik rae p\u00e4randiraamatusse, sest L\u00fcbecki \u00f5iguse kohaselt omandas kinnisvaratehing seadusliku j\u00f5u alles siis, kui see oli... Continue reading","og_url":"https:\/\/raekoda.tallinn.ee\/en\/raekoja-esmamainimine\/","og_site_name":"Tallinn Town Hall","og_image":[{"width":1024,"height":768,"url":"https:\/\/raekoda.tallinn.ee\/wp-content\/uploads\/2023\/02\/Lubecki-oigus-png-1024x768.png","type":"image\/png"}],"twitter_card":"summary_large_image","twitter_misc":{"Est. reading time":"1 minute"},"schema":{"@context":"https:\/\/schema.org","@graph":[{"@type":"WebPage","@id":"https:\/\/raekoda.tallinn.ee\/en\/raekoja-esmamainimine\/","url":"https:\/\/raekoda.tallinn.ee\/en\/raekoja-esmamainimine\/","name":"Raekoja esmamainimine 1322 - Tallinn Town Hall","isPartOf":{"@id":"https:\/\/raekoda.tallinn.ee\/en\/#website"},"primaryImageOfPage":{"@id":"https:\/\/raekoda.tallinn.ee\/en\/raekoja-esmamainimine\/#primaryimage"},"image":{"@id":"https:\/\/raekoda.tallinn.ee\/en\/raekoja-esmamainimine\/#primaryimage"},"thumbnailUrl":"https:\/\/raekoda.tallinn.ee\/wp-content\/uploads\/2023\/02\/Lubecki-oigus-png.png","datePublished":"2022-07-01T11:28:18+00:00","breadcrumb":{"@id":"https:\/\/raekoda.tallinn.ee\/en\/raekoja-esmamainimine\/#breadcrumb"},"inLanguage":"en-US","potentialAction":[{"@type":"ReadAction","target":["https:\/\/raekoda.tallinn.ee\/en\/raekoja-esmamainimine\/"]}]},{"@type":"ImageObject","inLanguage":"en-US","@id":"https:\/\/raekoda.tallinn.ee\/en\/raekoja-esmamainimine\/#primaryimage","url":"https:\/\/raekoda.tallinn.ee\/wp-content\/uploads\/2023\/02\/Lubecki-oigus-png.png","contentUrl":"https:\/\/raekoda.tallinn.ee\/wp-content\/uploads\/2023\/02\/Lubecki-oigus-png.png","width":2048,"height":1536,"caption":"Tallinna raekoda, L\u00fcbecki \u00f5iguse koodeks 1282"},{"@type":"BreadcrumbList","@id":"https:\/\/raekoda.tallinn.ee\/en\/raekoja-esmamainimine\/#breadcrumb","itemListElement":[{"@type":"ListItem","position":1,"name":"Home","item":"https:\/\/raekoda.tallinn.ee\/en\/"},{"@type":"ListItem","position":2,"name":"Raekoja esmamainimine 1322"}]},{"@type":"WebSite","@id":"https:\/\/raekoda.tallinn.ee\/en\/#website","url":"https:\/\/raekoda.tallinn.ee\/en\/","name":"Tallinn Town Hall","description":"","publisher":{"@id":"https:\/\/raekoda.tallinn.ee\/en\/#organization"},"potentialAction":[{"@type":"SearchAction","target":{"@type":"EntryPoint","urlTemplate":"https:\/\/raekoda.tallinn.ee\/en\/?s={search_term_string}"},"query-input":{"@type":"PropertyValueSpecification","valueRequired":true,"valueName":"search_term_string"}}],"inLanguage":"en-US"},{"@type":"Organization","@id":"https:\/\/raekoda.tallinn.ee\/en\/#organization","name":"Tallinn Town Hall","url":"https:\/\/raekoda.tallinn.ee\/en\/","logo":{"@type":"ImageObject","inLanguage":"en-US","@id":"https:\/\/raekoda.tallinn.ee\/en\/#\/schema\/logo\/image\/","url":"https:\/\/raekoda.tallinn.ee\/wp-content\/uploads\/2022\/09\/logo.svg","contentUrl":"https:\/\/raekoda.tallinn.ee\/wp-content\/uploads\/2022\/09\/logo.svg","caption":"Tallinn Town Hall"},"image":{"@id":"https:\/\/raekoda.tallinn.ee\/en\/#\/schema\/logo\/image\/"}}]}},"_links":{"self":[{"href":"https:\/\/raekoda.tallinn.ee\/en\/wp-json\/wp\/v2\/pages\/1591","targetHints":{"allow":["GET"]}}],"collection":[{"href":"https:\/\/raekoda.tallinn.ee\/en\/wp-json\/wp\/v2\/pages"}],"about":[{"href":"https:\/\/raekoda.tallinn.ee\/en\/wp-json\/wp\/v2\/types\/page"}],"author":[{"embeddable":true,"href":"https:\/\/raekoda.tallinn.ee\/en\/wp-json\/wp\/v2\/users\/2"}],"replies":[{"embeddable":true,"href":"https:\/\/raekoda.tallinn.ee\/en\/wp-json\/wp\/v2\/comments?post=1591"}],"version-history":[{"count":0,"href":"https:\/\/raekoda.tallinn.ee\/en\/wp-json\/wp\/v2\/pages\/1591\/revisions"}],"up":[{"embeddable":true,"href":"https:\/\/raekoda.tallinn.ee\/en\/wp-json\/wp\/v2\/pages\/1601"}],"wp:featuredmedia":[{"embeddable":true,"href":"https:\/\/raekoda.tallinn.ee\/en\/wp-json\/wp\/v2\/media\/2403"}],"wp:attachment":[{"href":"https:\/\/raekoda.tallinn.ee\/en\/wp-json\/wp\/v2\/media?parent=1591"}],"curies":[{"name":"wp","href":"https:\/\/api.w.org\/{rel}","templated":true}]}}