{"id":1589,"date":"2022-07-01T11:43:08","date_gmt":"2022-07-01T11:43:08","guid":{"rendered":"https:\/\/raekoda.tallinn.ee\/theatrum-raekojas\/"},"modified":"2022-07-01T11:43:08","modified_gmt":"2022-07-01T11:43:08","slug":"theatrum-raekojas","status":"publish","type":"page","link":"https:\/\/raekoda.tallinn.ee\/en\/events\/theatrum-raekojas\/","title":{"rendered":"Theatrum raekojas"},"content":{"rendered":"<p>Teatri toob juubeliaastal raekotta tagasi <strong>Theatrum<\/strong>, pakkudes m\u00f5tteainetvoorustest ja pahedest,\u00a0inimhinge teekonnast headuse ja kurjuse vahel\u00a0ning muidugi armastusest \u2013 igavikulistel teemadel, mis talletunud ka raekoja kunstiteostesse.<\/p>\n<p><strong>2. ja 3. aprillil <\/strong>etendub\u00a0<a href=\"http:\/\/raekoda.tallinn.ee\/raekoda-700\/sundmused\/theatrum-moliere-misantroop-e323\">Moli\u00e8re&#8217;i &#8220;Misantroop&#8221;<br \/>\n<\/a><strong>13. aprillil<\/strong>\u00a0loevad Theatrumi n\u00e4itlejad katkendeid <a href=\"http:\/\/raekoda.tallinn.ee\/raekoda-700\/sundmused\/theatrum-kuulamised-jumalik-komoodia-e326\">Dante \u201eJumalikust kom\u00f6\u00f6diast\u201d<\/a>. Dante teksti aitab m\u00f5ista kirjandusteadlane \u00dclar Ploom.<\/p>\n<p>S\u00fcgiseks plaanib Theatrum uut lavastust, mis on inspireeritud raekoja kunstiteostest.<\/p>\n<p><img decoding=\"async\" class=\"size-full wp-image-839 aligncenter\" src=\"https:\/\/raekoda.tallinn.ee\/wp-content\/uploads\/2022\/07\/Theatrum-raekojas.jpg\" alt=\"\" width=\"740\" height=\"1045\" srcset=\"https:\/\/raekoda.tallinn.ee\/wp-content\/uploads\/2022\/07\/Theatrum-raekojas.jpg 740w, https:\/\/raekoda.tallinn.ee\/wp-content\/uploads\/2022\/07\/Theatrum-raekojas-212x300.jpg 212w, https:\/\/raekoda.tallinn.ee\/wp-content\/uploads\/2022\/07\/Theatrum-raekojas-725x1024.jpg 725w\" sizes=\"(max-width: 740px) 100vw, 740px\" \/><\/p>\n<p><img decoding=\"async\" class=\"size-full wp-image-848 aligncenter\" src=\"https:\/\/raekoda.tallinn.ee\/wp-content\/uploads\/2022\/07\/mask-5.jpg\" alt=\"\" width=\"740\" height=\"986\" srcset=\"https:\/\/raekoda.tallinn.ee\/wp-content\/uploads\/2022\/07\/mask-5.jpg 740w, https:\/\/raekoda.tallinn.ee\/wp-content\/uploads\/2022\/07\/mask-5-225x300.jpg 225w\" sizes=\"(max-width: 740px) 100vw, 740px\" \/><\/p>\n","protected":false},"excerpt":{"rendered":"<p>Teatri toob juubeliaastal raekotta tagasi Theatrum, pakkudes m\u00f5tteainetvoorustest ja pahedest,\u00a0inimhinge teekonnast headuse ja kurjuse vahel\u00a0ning muidugi armastusest \u2013 igavikulistel teemadel, mis talletunud ka raekoja kunstiteostesse. 2. ja 3. aprillil etendub\u00a0Moli\u00e8re&#8217;i &#8220;Misantroop&#8221; 13. aprillil\u00a0loevad Theatrumi n\u00e4itlejad katkendeid Dante \u201eJumalikust kom\u00f6\u00f6diast\u201d. Dante teksti aitab m\u00f5ista kirjandusteadlane \u00dclar Ploom. S\u00fcgiseks plaanib Theatrum uut lavastust, mis on inspireeritud raekoja&#8230; <a class=\"more-link\" href=\"https:\/\/raekoda.tallinn.ee\/en\/events\/theatrum-raekojas\/\">Continue reading<\/a><\/p>\n","protected":false},"author":2,"featured_media":0,"parent":529,"menu_order":2,"comment_status":"closed","ping_status":"closed","template":"","meta":{"_acf_changed":false,"footnotes":""},"class_list":["post-1589","page","type-page","status-publish","hentry","entry"],"acf":[],"yoast_head":"<!-- This site is optimized with the Yoast SEO plugin v27.3 - https:\/\/yoast.com\/product\/yoast-seo-wordpress\/ -->\n<title>Theatrum raekojas - Tallinn Town Hall<\/title>\n<meta name=\"robots\" content=\"index, follow, max-snippet:-1, max-image-preview:large, max-video-preview:-1\" \/>\n<link rel=\"canonical\" href=\"https:\/\/raekoda.tallinn.ee\/en\/theatrum-raekojas\/\" \/>\n<meta property=\"og:locale\" content=\"en_US\" \/>\n<meta property=\"og:type\" content=\"article\" \/>\n<meta property=\"og:title\" content=\"Theatrum raekojas - Tallinn Town Hall\" \/>\n<meta property=\"og:description\" content=\"Teatri toob juubeliaastal raekotta tagasi Theatrum, pakkudes m\u00f5tteainetvoorustest ja pahedest,\u00a0inimhinge teekonnast headuse ja kurjuse vahel\u00a0ning muidugi armastusest \u2013 igavikulistel teemadel, mis talletunud ka raekoja kunstiteostesse. 2. ja 3. aprillil etendub\u00a0Moli\u00e8re&#8217;i &#8220;Misantroop&#8221; 13. aprillil\u00a0loevad Theatrumi n\u00e4itlejad katkendeid Dante \u201eJumalikust kom\u00f6\u00f6diast\u201d. Dante teksti aitab m\u00f5ista kirjandusteadlane \u00dclar Ploom. S\u00fcgiseks plaanib Theatrum uut lavastust, mis on inspireeritud raekoja... Continue reading\" \/>\n<meta property=\"og:url\" content=\"https:\/\/raekoda.tallinn.ee\/en\/theatrum-raekojas\/\" \/>\n<meta property=\"og:site_name\" content=\"Tallinn Town Hall\" \/>\n<meta property=\"og:image\" content=\"https:\/\/raekoda.tallinn.ee\/wp-content\/uploads\/2022\/07\/Theatrum-raekojas.jpg\" \/>\n<meta name=\"twitter:card\" content=\"summary_large_image\" \/>\n<script type=\"application\/ld+json\" class=\"yoast-schema-graph\">{\"@context\":\"https:\\\/\\\/schema.org\",\"@graph\":[{\"@type\":\"WebPage\",\"@id\":\"https:\\\/\\\/raekoda.tallinn.ee\\\/en\\\/theatrum-raekojas\\\/\",\"url\":\"https:\\\/\\\/raekoda.tallinn.ee\\\/en\\\/theatrum-raekojas\\\/\",\"name\":\"Theatrum raekojas - Tallinn Town Hall\",\"isPartOf\":{\"@id\":\"https:\\\/\\\/raekoda.tallinn.ee\\\/en\\\/#website\"},\"primaryImageOfPage\":{\"@id\":\"https:\\\/\\\/raekoda.tallinn.ee\\\/en\\\/theatrum-raekojas\\\/#primaryimage\"},\"image\":{\"@id\":\"https:\\\/\\\/raekoda.tallinn.ee\\\/en\\\/theatrum-raekojas\\\/#primaryimage\"},\"thumbnailUrl\":\"https:\\\/\\\/raekoda.tallinn.ee\\\/wp-content\\\/uploads\\\/2022\\\/07\\\/Theatrum-raekojas.jpg\",\"datePublished\":\"2022-07-01T11:43:08+00:00\",\"breadcrumb\":{\"@id\":\"https:\\\/\\\/raekoda.tallinn.ee\\\/en\\\/theatrum-raekojas\\\/#breadcrumb\"},\"inLanguage\":\"en-US\",\"potentialAction\":[{\"@type\":\"ReadAction\",\"target\":[\"https:\\\/\\\/raekoda.tallinn.ee\\\/en\\\/theatrum-raekojas\\\/\"]}]},{\"@type\":\"ImageObject\",\"inLanguage\":\"en-US\",\"@id\":\"https:\\\/\\\/raekoda.tallinn.ee\\\/en\\\/theatrum-raekojas\\\/#primaryimage\",\"url\":\"https:\\\/\\\/raekoda.tallinn.ee\\\/wp-content\\\/uploads\\\/2022\\\/07\\\/Theatrum-raekojas.jpg\",\"contentUrl\":\"https:\\\/\\\/raekoda.tallinn.ee\\\/wp-content\\\/uploads\\\/2022\\\/07\\\/Theatrum-raekojas.jpg\"},{\"@type\":\"BreadcrumbList\",\"@id\":\"https:\\\/\\\/raekoda.tallinn.ee\\\/en\\\/theatrum-raekojas\\\/#breadcrumb\",\"itemListElement\":[{\"@type\":\"ListItem\",\"position\":1,\"name\":\"Home\",\"item\":\"https:\\\/\\\/raekoda.tallinn.ee\\\/en\\\/\"},{\"@type\":\"ListItem\",\"position\":2,\"name\":\"Theatrum raekojas\"}]},{\"@type\":\"WebSite\",\"@id\":\"https:\\\/\\\/raekoda.tallinn.ee\\\/en\\\/#website\",\"url\":\"https:\\\/\\\/raekoda.tallinn.ee\\\/en\\\/\",\"name\":\"Tallinn Town Hall\",\"description\":\"\",\"publisher\":{\"@id\":\"https:\\\/\\\/raekoda.tallinn.ee\\\/en\\\/#organization\"},\"potentialAction\":[{\"@type\":\"SearchAction\",\"target\":{\"@type\":\"EntryPoint\",\"urlTemplate\":\"https:\\\/\\\/raekoda.tallinn.ee\\\/en\\\/?s={search_term_string}\"},\"query-input\":{\"@type\":\"PropertyValueSpecification\",\"valueRequired\":true,\"valueName\":\"search_term_string\"}}],\"inLanguage\":\"en-US\"},{\"@type\":\"Organization\",\"@id\":\"https:\\\/\\\/raekoda.tallinn.ee\\\/en\\\/#organization\",\"name\":\"Tallinn Town Hall\",\"url\":\"https:\\\/\\\/raekoda.tallinn.ee\\\/en\\\/\",\"logo\":{\"@type\":\"ImageObject\",\"inLanguage\":\"en-US\",\"@id\":\"https:\\\/\\\/raekoda.tallinn.ee\\\/en\\\/#\\\/schema\\\/logo\\\/image\\\/\",\"url\":\"https:\\\/\\\/raekoda.tallinn.ee\\\/wp-content\\\/uploads\\\/2022\\\/09\\\/logo.svg\",\"contentUrl\":\"https:\\\/\\\/raekoda.tallinn.ee\\\/wp-content\\\/uploads\\\/2022\\\/09\\\/logo.svg\",\"caption\":\"Tallinn Town Hall\"},\"image\":{\"@id\":\"https:\\\/\\\/raekoda.tallinn.ee\\\/en\\\/#\\\/schema\\\/logo\\\/image\\\/\"}}]}<\/script>\n<!-- \/ Yoast SEO plugin. -->","yoast_head_json":{"title":"Theatrum raekojas - Tallinn Town Hall","robots":{"index":"index","follow":"follow","max-snippet":"max-snippet:-1","max-image-preview":"max-image-preview:large","max-video-preview":"max-video-preview:-1"},"canonical":"https:\/\/raekoda.tallinn.ee\/en\/theatrum-raekojas\/","og_locale":"en_US","og_type":"article","og_title":"Theatrum raekojas - Tallinn Town Hall","og_description":"Teatri toob juubeliaastal raekotta tagasi Theatrum, pakkudes m\u00f5tteainetvoorustest ja pahedest,\u00a0inimhinge teekonnast headuse ja kurjuse vahel\u00a0ning muidugi armastusest \u2013 igavikulistel teemadel, mis talletunud ka raekoja kunstiteostesse. 2. ja 3. aprillil etendub\u00a0Moli\u00e8re&#8217;i &#8220;Misantroop&#8221; 13. aprillil\u00a0loevad Theatrumi n\u00e4itlejad katkendeid Dante \u201eJumalikust kom\u00f6\u00f6diast\u201d. Dante teksti aitab m\u00f5ista kirjandusteadlane \u00dclar Ploom. S\u00fcgiseks plaanib Theatrum uut lavastust, mis on inspireeritud raekoja... Continue reading","og_url":"https:\/\/raekoda.tallinn.ee\/en\/theatrum-raekojas\/","og_site_name":"Tallinn Town Hall","og_image":[{"url":"https:\/\/raekoda.tallinn.ee\/wp-content\/uploads\/2022\/07\/Theatrum-raekojas.jpg","type":"","width":"","height":""}],"twitter_card":"summary_large_image","schema":{"@context":"https:\/\/schema.org","@graph":[{"@type":"WebPage","@id":"https:\/\/raekoda.tallinn.ee\/en\/theatrum-raekojas\/","url":"https:\/\/raekoda.tallinn.ee\/en\/theatrum-raekojas\/","name":"Theatrum raekojas - Tallinn Town Hall","isPartOf":{"@id":"https:\/\/raekoda.tallinn.ee\/en\/#website"},"primaryImageOfPage":{"@id":"https:\/\/raekoda.tallinn.ee\/en\/theatrum-raekojas\/#primaryimage"},"image":{"@id":"https:\/\/raekoda.tallinn.ee\/en\/theatrum-raekojas\/#primaryimage"},"thumbnailUrl":"https:\/\/raekoda.tallinn.ee\/wp-content\/uploads\/2022\/07\/Theatrum-raekojas.jpg","datePublished":"2022-07-01T11:43:08+00:00","breadcrumb":{"@id":"https:\/\/raekoda.tallinn.ee\/en\/theatrum-raekojas\/#breadcrumb"},"inLanguage":"en-US","potentialAction":[{"@type":"ReadAction","target":["https:\/\/raekoda.tallinn.ee\/en\/theatrum-raekojas\/"]}]},{"@type":"ImageObject","inLanguage":"en-US","@id":"https:\/\/raekoda.tallinn.ee\/en\/theatrum-raekojas\/#primaryimage","url":"https:\/\/raekoda.tallinn.ee\/wp-content\/uploads\/2022\/07\/Theatrum-raekojas.jpg","contentUrl":"https:\/\/raekoda.tallinn.ee\/wp-content\/uploads\/2022\/07\/Theatrum-raekojas.jpg"},{"@type":"BreadcrumbList","@id":"https:\/\/raekoda.tallinn.ee\/en\/theatrum-raekojas\/#breadcrumb","itemListElement":[{"@type":"ListItem","position":1,"name":"Home","item":"https:\/\/raekoda.tallinn.ee\/en\/"},{"@type":"ListItem","position":2,"name":"Theatrum raekojas"}]},{"@type":"WebSite","@id":"https:\/\/raekoda.tallinn.ee\/en\/#website","url":"https:\/\/raekoda.tallinn.ee\/en\/","name":"Tallinn Town Hall","description":"","publisher":{"@id":"https:\/\/raekoda.tallinn.ee\/en\/#organization"},"potentialAction":[{"@type":"SearchAction","target":{"@type":"EntryPoint","urlTemplate":"https:\/\/raekoda.tallinn.ee\/en\/?s={search_term_string}"},"query-input":{"@type":"PropertyValueSpecification","valueRequired":true,"valueName":"search_term_string"}}],"inLanguage":"en-US"},{"@type":"Organization","@id":"https:\/\/raekoda.tallinn.ee\/en\/#organization","name":"Tallinn Town Hall","url":"https:\/\/raekoda.tallinn.ee\/en\/","logo":{"@type":"ImageObject","inLanguage":"en-US","@id":"https:\/\/raekoda.tallinn.ee\/en\/#\/schema\/logo\/image\/","url":"https:\/\/raekoda.tallinn.ee\/wp-content\/uploads\/2022\/09\/logo.svg","contentUrl":"https:\/\/raekoda.tallinn.ee\/wp-content\/uploads\/2022\/09\/logo.svg","caption":"Tallinn Town Hall"},"image":{"@id":"https:\/\/raekoda.tallinn.ee\/en\/#\/schema\/logo\/image\/"}}]}},"_links":{"self":[{"href":"https:\/\/raekoda.tallinn.ee\/en\/wp-json\/wp\/v2\/pages\/1589","targetHints":{"allow":["GET"]}}],"collection":[{"href":"https:\/\/raekoda.tallinn.ee\/en\/wp-json\/wp\/v2\/pages"}],"about":[{"href":"https:\/\/raekoda.tallinn.ee\/en\/wp-json\/wp\/v2\/types\/page"}],"author":[{"embeddable":true,"href":"https:\/\/raekoda.tallinn.ee\/en\/wp-json\/wp\/v2\/users\/2"}],"replies":[{"embeddable":true,"href":"https:\/\/raekoda.tallinn.ee\/en\/wp-json\/wp\/v2\/comments?post=1589"}],"version-history":[{"count":0,"href":"https:\/\/raekoda.tallinn.ee\/en\/wp-json\/wp\/v2\/pages\/1589\/revisions"}],"up":[{"embeddable":true,"href":"https:\/\/raekoda.tallinn.ee\/en\/wp-json\/wp\/v2\/pages\/529"}],"wp:attachment":[{"href":"https:\/\/raekoda.tallinn.ee\/en\/wp-json\/wp\/v2\/media?parent=1589"}],"curies":[{"name":"wp","href":"https:\/\/api.w.org\/{rel}","templated":true}]}}