{"id":1119,"date":"2022-08-03T14:13:51","date_gmt":"2022-08-03T14:13:51","guid":{"rendered":"https:\/\/raekoda.tallinn.ee\/infoscreen\/"},"modified":"2022-08-04T09:27:10","modified_gmt":"2022-08-04T09:27:10","slug":"infoscreen","status":"publish","type":"page","link":"https:\/\/raekoda.tallinn.ee\/de\/infoscreen\/","title":{"rendered":"Infoscreen"},"content":{"rendered":"<p>Die mittelalterlichen B\u00e4nke der Ratsherren und der B\u00fcrgermeister sind die \u00e4ltesten erhalten gebliebenen M\u00f6belst\u00fccke im Rathaus. Neben der meisterhaften k\u00fcnstlerischen Ausf\u00fchrung sind sie auch wegen der Schnitzereien bemerkenswert. W\u00e4hrend die Kunstwerke der Rath\u00e4user gew\u00f6hnlich eine Allegorie der gerechten Herrschaft darstellten, dr\u00fcckt das Gest\u00fchl des Rathauses von Tallinn ein ganz anderes Thema aus, welches in Westeuropa im 14. Jahrhundert popul\u00e4r wurde, aber in Nordeuropa ziemlich selten war.<\/p>\n<p>Eine \u00e4ltere, aus den 1370er Jahren stammende Rathausbank wird von einer der Lieblingsszenen der ehemaligen Ritterkultur\u00a0verziert \u2013Treffen von Tristan und Isolde unter dem Baum. Gegen\u00fcber wird der Kampf Simsons, des Helden aus dem Alten Testament, mit dem L\u00f6wen dargestellt.<\/p>\n<p>An den Seiten einer anderen, vom Anfang des 15.\u00a0Jahrhunderts stammenden Bank sehen wir Simson mit Delila und unter ihnen den bekanntesten Philosophen der Antike, Aristoteles als Reitpferd der sch\u00f6nen Phyllis. An der Gegenseite ist wieder ein Motiv aus dem Alten Testament mit David und Goliatund unter diesem sind der L\u00f6we und der B\u00e4r.<\/p>\n<p>Gemeinsam werden also die Helden dargestellt, die aus der Bibel (Simson und David), der antiken Geschichte (Aristoteles) und der Ritterkultur (Tristan) stammen. Was verbindet diese st\u00e4rksten, kl\u00fcgsten und tapfersten M\u00e4nner ihrer Zeit? Diese m\u00e4chtigen M\u00e4nner verlieren ihre Kraft, ihren Verstand und ihre W\u00fcrde, weil sie dem Charme der Frauen nicht widerstehen konnten. Im deutschsprachigen Kulturraum, zu dem Tallinn vom 13. bis zum 19. Jahrhundert geh\u00f6rte, wird diese Erscheinung in der Literatur und der Kunst mit dem Terminus\u00a0<i>Minnesklaven<\/i> bezeichnet. Der Zuschauer kann selbst entscheiden, ob hier eine moralisierende Warnung oder mittelalterliche Satire \u2013 oder beides auf einmal \u2013 zu sehen ist.<\/p>\n","protected":false},"excerpt":{"rendered":"<p>Die mittelalterlichen B\u00e4nke der Ratsherren und der B\u00fcrgermeister sind die \u00e4ltesten erhalten gebliebenen M\u00f6belst\u00fccke im Rathaus. Neben der meisterhaften k\u00fcnstlerischen Ausf\u00fchrung sind sie auch wegen der Schnitzereien bemerkenswert. W\u00e4hrend die Kunstwerke der Rath\u00e4user gew\u00f6hnlich eine Allegorie der gerechten Herrschaft darstellten, dr\u00fcckt das Gest\u00fchl des Rathauses von Tallinn ein ganz anderes Thema aus, welches in Westeuropa&#8230; <a class=\"more-link\" href=\"https:\/\/raekoda.tallinn.ee\/de\/infoscreen\/\">J\u00e4tka lugemist<\/a><\/p>\n","protected":false},"author":1,"featured_media":0,"parent":0,"menu_order":0,"comment_status":"closed","ping_status":"closed","template":"templates\/tpl_infoscreen.php","meta":{"_acf_changed":false,"footnotes":""},"class_list":["post-1119","page","type-page","status-publish","hentry","entry"],"acf":[],"yoast_head":"<!-- This site is optimized with the Yoast SEO plugin v27.3 - https:\/\/yoast.com\/product\/yoast-seo-wordpress\/ -->\n<title>Infoscreen - Tallinna Raekoda<\/title>\n<meta name=\"robots\" content=\"index, follow, max-snippet:-1, max-image-preview:large, max-video-preview:-1\" \/>\n<link rel=\"canonical\" href=\"https:\/\/raekoda.tallinn.ee\/de\/infoscreen\/\" \/>\n<meta property=\"og:locale\" content=\"de_DE\" \/>\n<meta property=\"og:type\" content=\"article\" \/>\n<meta property=\"og:title\" content=\"Infoscreen - Tallinna Raekoda\" \/>\n<meta property=\"og:description\" content=\"Die mittelalterlichen B\u00e4nke der Ratsherren und der B\u00fcrgermeister sind die \u00e4ltesten erhalten gebliebenen M\u00f6belst\u00fccke im Rathaus. Neben der meisterhaften k\u00fcnstlerischen Ausf\u00fchrung sind sie auch wegen der Schnitzereien bemerkenswert. W\u00e4hrend die Kunstwerke der Rath\u00e4user gew\u00f6hnlich eine Allegorie der gerechten Herrschaft darstellten, dr\u00fcckt das Gest\u00fchl des Rathauses von Tallinn ein ganz anderes Thema aus, welches in Westeuropa... J\u00e4tka lugemist\" \/>\n<meta property=\"og:url\" content=\"https:\/\/raekoda.tallinn.ee\/de\/infoscreen\/\" \/>\n<meta property=\"og:site_name\" content=\"Tallinna Raekoda\" \/>\n<meta property=\"article:modified_time\" content=\"2022-08-04T09:27:10+00:00\" \/>\n<meta name=\"twitter:card\" content=\"summary_large_image\" \/>\n<meta name=\"twitter:label1\" content=\"Gesch\u00e4tzte Lesezeit\" \/>\n\t<meta name=\"twitter:data1\" content=\"1\u00a0Minute\" \/>\n<script type=\"application\/ld+json\" class=\"yoast-schema-graph\">{\"@context\":\"https:\\\/\\\/schema.org\",\"@graph\":[{\"@type\":\"WebPage\",\"@id\":\"https:\\\/\\\/raekoda.tallinn.ee\\\/de\\\/infoscreen\\\/\",\"url\":\"https:\\\/\\\/raekoda.tallinn.ee\\\/de\\\/infoscreen\\\/\",\"name\":\"Infoscreen - Tallinna Raekoda\",\"isPartOf\":{\"@id\":\"https:\\\/\\\/raekoda.tallinn.ee\\\/en\\\/#website\"},\"datePublished\":\"2022-08-03T14:13:51+00:00\",\"dateModified\":\"2022-08-04T09:27:10+00:00\",\"inLanguage\":\"de\",\"potentialAction\":[{\"@type\":\"ReadAction\",\"target\":[\"https:\\\/\\\/raekoda.tallinn.ee\\\/de\\\/infoscreen\\\/\"]}]},{\"@type\":\"WebSite\",\"@id\":\"https:\\\/\\\/raekoda.tallinn.ee\\\/en\\\/#website\",\"url\":\"https:\\\/\\\/raekoda.tallinn.ee\\\/en\\\/\",\"name\":\"Tallinna Raekoda\",\"description\":\"\",\"publisher\":{\"@id\":\"https:\\\/\\\/raekoda.tallinn.ee\\\/en\\\/#organization\"},\"potentialAction\":[{\"@type\":\"SearchAction\",\"target\":{\"@type\":\"EntryPoint\",\"urlTemplate\":\"https:\\\/\\\/raekoda.tallinn.ee\\\/en\\\/?s={search_term_string}\"},\"query-input\":{\"@type\":\"PropertyValueSpecification\",\"valueRequired\":true,\"valueName\":\"search_term_string\"}}],\"inLanguage\":\"de\"},{\"@type\":\"Organization\",\"@id\":\"https:\\\/\\\/raekoda.tallinn.ee\\\/en\\\/#organization\",\"name\":\"Tallinna Raekoda\",\"url\":\"https:\\\/\\\/raekoda.tallinn.ee\\\/en\\\/\",\"logo\":{\"@type\":\"ImageObject\",\"inLanguage\":\"de\",\"@id\":\"https:\\\/\\\/raekoda.tallinn.ee\\\/en\\\/#\\\/schema\\\/logo\\\/image\\\/\",\"url\":\"https:\\\/\\\/raekoda.tallinn.ee\\\/wp-content\\\/uploads\\\/2022\\\/09\\\/logo.svg\",\"contentUrl\":\"https:\\\/\\\/raekoda.tallinn.ee\\\/wp-content\\\/uploads\\\/2022\\\/09\\\/logo.svg\",\"caption\":\"Tallinna Raekoda\"},\"image\":{\"@id\":\"https:\\\/\\\/raekoda.tallinn.ee\\\/en\\\/#\\\/schema\\\/logo\\\/image\\\/\"}}]}<\/script>\n<!-- \/ Yoast SEO plugin. -->","yoast_head_json":{"title":"Infoscreen - Tallinna Raekoda","robots":{"index":"index","follow":"follow","max-snippet":"max-snippet:-1","max-image-preview":"max-image-preview:large","max-video-preview":"max-video-preview:-1"},"canonical":"https:\/\/raekoda.tallinn.ee\/de\/infoscreen\/","og_locale":"de_DE","og_type":"article","og_title":"Infoscreen - Tallinna Raekoda","og_description":"Die mittelalterlichen B\u00e4nke der Ratsherren und der B\u00fcrgermeister sind die \u00e4ltesten erhalten gebliebenen M\u00f6belst\u00fccke im Rathaus. Neben der meisterhaften k\u00fcnstlerischen Ausf\u00fchrung sind sie auch wegen der Schnitzereien bemerkenswert. W\u00e4hrend die Kunstwerke der Rath\u00e4user gew\u00f6hnlich eine Allegorie der gerechten Herrschaft darstellten, dr\u00fcckt das Gest\u00fchl des Rathauses von Tallinn ein ganz anderes Thema aus, welches in Westeuropa... J\u00e4tka lugemist","og_url":"https:\/\/raekoda.tallinn.ee\/de\/infoscreen\/","og_site_name":"Tallinna Raekoda","article_modified_time":"2022-08-04T09:27:10+00:00","twitter_card":"summary_large_image","twitter_misc":{"Gesch\u00e4tzte Lesezeit":"1\u00a0Minute"},"schema":{"@context":"https:\/\/schema.org","@graph":[{"@type":"WebPage","@id":"https:\/\/raekoda.tallinn.ee\/de\/infoscreen\/","url":"https:\/\/raekoda.tallinn.ee\/de\/infoscreen\/","name":"Infoscreen - Tallinna Raekoda","isPartOf":{"@id":"https:\/\/raekoda.tallinn.ee\/en\/#website"},"datePublished":"2022-08-03T14:13:51+00:00","dateModified":"2022-08-04T09:27:10+00:00","inLanguage":"de","potentialAction":[{"@type":"ReadAction","target":["https:\/\/raekoda.tallinn.ee\/de\/infoscreen\/"]}]},{"@type":"WebSite","@id":"https:\/\/raekoda.tallinn.ee\/en\/#website","url":"https:\/\/raekoda.tallinn.ee\/en\/","name":"Tallinna Raekoda","description":"","publisher":{"@id":"https:\/\/raekoda.tallinn.ee\/en\/#organization"},"potentialAction":[{"@type":"SearchAction","target":{"@type":"EntryPoint","urlTemplate":"https:\/\/raekoda.tallinn.ee\/en\/?s={search_term_string}"},"query-input":{"@type":"PropertyValueSpecification","valueRequired":true,"valueName":"search_term_string"}}],"inLanguage":"de"},{"@type":"Organization","@id":"https:\/\/raekoda.tallinn.ee\/en\/#organization","name":"Tallinna Raekoda","url":"https:\/\/raekoda.tallinn.ee\/en\/","logo":{"@type":"ImageObject","inLanguage":"de","@id":"https:\/\/raekoda.tallinn.ee\/en\/#\/schema\/logo\/image\/","url":"https:\/\/raekoda.tallinn.ee\/wp-content\/uploads\/2022\/09\/logo.svg","contentUrl":"https:\/\/raekoda.tallinn.ee\/wp-content\/uploads\/2022\/09\/logo.svg","caption":"Tallinna Raekoda"},"image":{"@id":"https:\/\/raekoda.tallinn.ee\/en\/#\/schema\/logo\/image\/"}}]}},"_links":{"self":[{"href":"https:\/\/raekoda.tallinn.ee\/de\/wp-json\/wp\/v2\/pages\/1119","targetHints":{"allow":["GET"]}}],"collection":[{"href":"https:\/\/raekoda.tallinn.ee\/de\/wp-json\/wp\/v2\/pages"}],"about":[{"href":"https:\/\/raekoda.tallinn.ee\/de\/wp-json\/wp\/v2\/types\/page"}],"author":[{"embeddable":true,"href":"https:\/\/raekoda.tallinn.ee\/de\/wp-json\/wp\/v2\/users\/1"}],"replies":[{"embeddable":true,"href":"https:\/\/raekoda.tallinn.ee\/de\/wp-json\/wp\/v2\/comments?post=1119"}],"version-history":[{"count":9,"href":"https:\/\/raekoda.tallinn.ee\/de\/wp-json\/wp\/v2\/pages\/1119\/revisions"}],"predecessor-version":[{"id":1458,"href":"https:\/\/raekoda.tallinn.ee\/de\/wp-json\/wp\/v2\/pages\/1119\/revisions\/1458"}],"wp:attachment":[{"href":"https:\/\/raekoda.tallinn.ee\/de\/wp-json\/wp\/v2\/media?parent=1119"}],"curies":[{"name":"wp","href":"https:\/\/api.w.org\/{rel}","templated":true}]}}